{"id":29,"date":"2025-07-20T08:40:23","date_gmt":"2025-07-20T08:40:23","guid":{"rendered":"https:\/\/www.tuningglodeni.md\/?page_id=29"},"modified":"2025-07-24T11:23:04","modified_gmt":"2025-07-24T11:23:04","slug":"contact","status":"publish","type":"page","link":"https:\/\/www.tuningglodeni.md\/index.php\/contact\/","title":{"rendered":"Contact"},"content":{"rendered":"\t\t<div data-elementor-type=\"wp-page\" data-elementor-id=\"29\" class=\"elementor elementor-29\">\n\t\t\t\t<div class=\"elementor-element elementor-element-b8f7dc9 e-flex e-con-boxed e-con e-parent\" data-id=\"b8f7dc9\" data-element_type=\"container\">\n\t\t\t\t\t<div class=\"e-con-inner\">\n\t\t\t\t<div class=\"elementor-element elementor-element-b9a753c elementor-widget elementor-widget-html\" data-id=\"b9a753c\" data-element_type=\"widget\" data-widget_type=\"html.default\">\n\t\t\t\t\t<style>\r\n  .lang-switcher {\r\n    display: flex;\r\n    gap: 0px;\r\n    justify-content: flex-end;\r\n    margin: 5px 5px 0 auto;\r\n  }\r\n\r\n  .lang-button {\r\n    background-color: #1a1a1a;\r\n    color: #ffffff;\r\n    border: none;\r\n    padding: 5px 10px;\r\n    font-size: 10px;\r\n    border-radius: 4px;\r\n    cursor: pointer;\r\n    display: flex;\r\n    align-items: center;\r\n    transition: background-color 0.3s, transform 0.2s;\r\n  }\r\n\r\n  .lang-button img {\r\n    width: 24px;\r\n    height: 16px;\r\n    object-fit: cover;\r\n    margin-right: 8px;\r\n    border-radius: 2px;\r\n  }\r\n\r\n  .lang-button:hover {\r\n    background-color: #333333;\r\n    transform: translateY(-2px);\r\n  }\r\n<\/style>\r\n\r\n<div class=\"lang-switcher\">\r\n  <button class=\"lang-button\" onclick=\"window.location.href='https:\/\/www.tuningglodeni.md\/index.php\/contact\/'\">\r\n    <img decoding=\"async\" src=\"https:\/\/flagcdn.com\/ro.svg\" alt=\"RO\"> RO\r\n  <\/button>\r\n  <button class=\"lang-button\" onclick=\"window.location.href='https:\/\/www.tuningglodeni.md\/index.php\/contact-ru'\">\r\n    <img decoding=\"async\" src=\"https:\/\/flagcdn.com\/ru.svg\" alt=\"RU\"> RU\r\n  <\/button>\r\n<\/div>\r\n\r\n<section id=\"contact\" style=\"padding: 60px 20px; background-color: #ff;\">\r\n  <div style=\"max-width: 1200px; margin: auto; text-align: center; color: #ffffff;\">\r\n\r\n    <!-- TITLU -->\r\n    <h2 style=\"font-size: 36px; margin-bottom: 20px;\">Contacteaz\u0103-ne<\/h2>\r\n    <p style=\"font-size: 18px; margin-bottom: 30px; color: #ccc;\">\r\n     \r\n    <\/p>\r\n     <p>\r\n    <strong style=\"color: #fff;\"> Programeaz\u0103-te acum pentru diagnoz\u0103 sau chiptuning profesional!:<\/strong><br>\r\n    \r\n  <\/p>\r\n\r\n    <!-- BUTOANE -->\r\n    <div style=\"margin-bottom: 40px;\">\r\n      <a href=\"https:\/\/wa.me\/37368424343\" target=\"_blank\"\r\n         style=\"margin: 10px; display: inline-block; background-color: #25D366; color: white; padding: 14px 28px; border-radius: 8px; text-decoration: none; font-weight: bold;\">\r\n        \ud83d\udcf1 WhatsApp\r\n      <\/a>\r\n      <a href=\"tel:+37368424343\"\r\n         style=\"margin: 10px; display: inline-block; background-color: #007bff; color: white; padding: 14px 28px; border-radius: 8px; text-decoration: none; font-weight: bold;\">\r\n        \u260e\ufe0f Sun\u0103 acum\r\n      <\/a>\r\n      <a href=\"tel:+37368424343\"\r\n         style=\"margin: 10px; display: inline-block; background-color: #ff0000; color: white; padding: 14px 28px; border-radius: 8px; text-decoration: none; font-weight: bold;\">\r\n        \ud83d\udcc6 Programeaz\u0103-te\r\n      <\/a>\r\n    <\/div>\r\n\r\n    <!-- INFORMA\u021aII DE CONTACT -->\r\n    <div style=\"font-size: 16px; color: #ccc; line-height: 1.8;\">\r\n      <p>\r\n    <strong style=\"color: #fff;\">\ud83d\udcde Telefon:<\/strong><br>\r\n    <a href=\"tel:+37368424343\" style=\"color: #fff; font-weight: 900; text-decoration: none;\">+373 684 24 343<\/a><br>\r\n    <a href=\"tel:+37368147393\" style=\"color: #fff; font-weight: 900; text-decoration: none;\">+373 681 47 393<\/a>\r\n  <\/p>\r\n    <strong style=\"color: #fff;\">\ud83d\udce7 Email:<\/strong><br>\r\n    <a href=\"mailto:chiptuningglodeni@gmail.com\" style=\"color: #fff; font-weight: 500; text-decoration: underline;\">chiptuningglodeni@gmail.com<\/a>\r\n  <\/p>\r\n    <strong style=\"color: #fff;\">\ud83d\udcf7 Instagram:<\/strong>\r\n    <a href=\"https:\/\/instagram.com\" target=\"_blank\" style=\"color: #e1306c; font-weight: 500; text-decoration: none;\">@ChiptuningGlodeni<\/a><br>\r\n    <strong style=\"color: #fff;\">\ud83d\udcd8 Facebook:<\/strong>\r\n    <a href=\"https:\/\/facebook.com\" target=\"_blank\" style=\"color: #4267B2; font-weight: 500; text-decoration: none;\">@ChiptuningGlodeni<\/a>\r\n  <\/p>\r\n    <\/div>\r\n\r\n    <!-- HART\u0102 -->\r\n    <div style=\"margin-top: 40px; border-radius: 10px; overflow: hidden;\">\r\n      <iframe src=\"https:\/\/maps.google.com\/maps?q=glodeni%20moldova&t=&z=13&ie=UTF8&iwloc=&output=embed\"\r\n              width=\"100%\" height=\"350\"\r\n              style=\"border:0;\"\r\n              allowfullscreen=\"\" loading=\"lazy\"\r\n              referrerpolicy=\"no-referrer-when-downgrade\"><\/iframe>\r\n    <\/div>\r\n  <\/div>\r\n<\/section>\r\n\t\t\t\t<\/div>\n\t\t\t\t\t<\/div>\n\t\t\t\t<\/div>\n\t\t\t\t<\/div>\n\t\t","protected":false},"excerpt":{"rendered":"<p>RO RU Contacteaz\u0103-ne Programeaz\u0103-te acum pentru diagnoz\u0103 sau chiptuning profesional!: \ud83d\udcf1 WhatsApp \u260e\ufe0f Sun\u0103 acum \ud83d\udcc6 Programeaz\u0103-te \ud83d\udcde Telefon: +373 684 24 343 +373 681 47 393 \ud83d\udce7 Email: chiptuningglodeni@gmail.com \ud83d\udcf7 Instagram: @ChiptuningGlodeni \ud83d\udcd8 Facebook: @ChiptuningGlodeni<\/p>\n","protected":false},"author":1,"featured_media":0,"parent":0,"menu_order":0,"comment_status":"closed","ping_status":"closed","template":"","meta":{"footnotes":""},"class_list":["post-29","page","type-page","status-publish","hentry"],"_links":{"self":[{"href":"https:\/\/www.tuningglodeni.md\/index.php\/wp-json\/wp\/v2\/pages\/29","targetHints":{"allow":["GET"]}}],"collection":[{"href":"https:\/\/www.tuningglodeni.md\/index.php\/wp-json\/wp\/v2\/pages"}],"about":[{"href":"https:\/\/www.tuningglodeni.md\/index.php\/wp-json\/wp\/v2\/types\/page"}],"author":[{"embeddable":true,"href":"https:\/\/www.tuningglodeni.md\/index.php\/wp-json\/wp\/v2\/users\/1"}],"replies":[{"embeddable":true,"href":"https:\/\/www.tuningglodeni.md\/index.php\/wp-json\/wp\/v2\/comments?post=29"}],"version-history":[{"count":25,"href":"https:\/\/www.tuningglodeni.md\/index.php\/wp-json\/wp\/v2\/pages\/29\/revisions"}],"predecessor-version":[{"id":379,"href":"https:\/\/www.tuningglodeni.md\/index.php\/wp-json\/wp\/v2\/pages\/29\/revisions\/379"}],"wp:attachment":[{"href":"https:\/\/www.tuningglodeni.md\/index.php\/wp-json\/wp\/v2\/media?parent=29"}],"curies":[{"name":"wp","href":"https:\/\/api.w.org\/{rel}","templated":true}]}}